{"id":686,"date":"2025-04-03T08:19:07","date_gmt":"2025-04-03T08:19:07","guid":{"rendered":"https:\/\/vesta-rem.com\/?page_id=686"},"modified":"2025-04-03T08:19:07","modified_gmt":"2025-04-03T08:19:07","slug":"politique-de-confidentialite","status":"publish","type":"page","link":"https:\/\/vesta-rem.com\/en\/politique-de-confidentialite\/","title":{"rendered":"Privacy Policy"},"content":{"rendered":"<div data-elementor-type=\"wp-page\" data-elementor-id=\"686\" class=\"elementor elementor-686\" data-elementor-post-type=\"page\">\n\t\t\t\t<div class=\"elementor-element elementor-element-19c8f97 e-flex e-con-boxed e-con e-parent\" data-id=\"19c8f97\" data-element_type=\"container\" data-e-type=\"container\">\n\t\t\t\t\t<div class=\"e-con-inner\">\n\t\t\t\t<div class=\"elementor-element elementor-element-0c5be0c elementor-widget elementor-widget-heading\" data-id=\"0c5be0c\" data-element_type=\"widget\" data-e-type=\"widget\" data-widget_type=\"heading.default\">\n\t\t\t\t<div class=\"elementor-widget-container\">\n\t\t\t\t\t<h2 class=\"elementor-heading-title elementor-size-default\">Privacy Policy <\/h2>\t\t\t\t<\/div>\n\t\t\t\t<\/div>\n\t\t<div class=\"elementor-element elementor-element-9b01515 e-con-full e-flex e-con e-child\" data-id=\"9b01515\" data-element_type=\"container\" data-e-type=\"container\">\n\t\t\t\t<div class=\"elementor-element elementor-element-8db07c7 elementor-widget elementor-widget-heading\" data-id=\"8db07c7\" data-element_type=\"widget\" data-e-type=\"widget\" data-widget_type=\"heading.default\">\n\t\t\t\t<div class=\"elementor-widget-container\">\n\t\t\t\t\t<h3 class=\"elementor-heading-title elementor-size-default\">Data Collection<\/h3>\t\t\t\t<\/div>\n\t\t\t\t<\/div>\n\t\t\t\t<div class=\"elementor-element elementor-element-96e3de0 elementor-widget elementor-widget-text-editor\" data-id=\"96e3de0\" data-element_type=\"widget\" data-e-type=\"widget\" data-widget_type=\"text-editor.default\">\n\t\t\t\t<div class=\"elementor-widget-container\">\n\t\t\t\t\t\t\t\t\tTo access VPWhite's resources and services, users provide personal data such as, but not limited to, their first and last name, and email address.<br><br>\nPersonal information concerning site users is confidential. VPWhite is responsible for processing the data collected, in accordance with the 2018 General Data Protection Regulation on the protection of personal data.<br><br>\nUse of the site and\/or information provided via the VPWhite contact forms by the user constitutes express and unreserved consent to the processing of their personal data. Users have the right to withdraw their consent at a later date (see Right to Access, Modify, or Delete Data). \n\t\t\t\t\t\t\t\t<\/div>\n\t\t\t\t<\/div>\n\t\t\t\t<\/div>\n\t\t<div class=\"elementor-element elementor-element-53432d6 e-con-full e-flex e-con e-child\" data-id=\"53432d6\" data-element_type=\"container\" data-e-type=\"container\">\n\t\t\t\t<div class=\"elementor-element elementor-element-2f9c16b elementor-widget elementor-widget-heading\" data-id=\"2f9c16b\" data-element_type=\"widget\" data-e-type=\"widget\" data-widget_type=\"heading.default\">\n\t\t\t\t<div class=\"elementor-widget-container\">\n\t\t\t\t\t<h3 class=\"elementor-heading-title elementor-size-default\">Purpose of Data Processing<\/h3>\t\t\t\t<\/div>\n\t\t\t\t<\/div>\n\t\t\t\t<div class=\"elementor-element elementor-element-81b491f elementor-widget elementor-widget-text-editor\" data-id=\"81b491f\" data-element_type=\"widget\" data-e-type=\"widget\" data-widget_type=\"text-editor.default\">\n\t\t\t\t<div class=\"elementor-widget-container\">\n\t\t\t\t\t\t\t\t\tThe data collected by VPWhite during use of the site is processed to enable access to the resources available on the site, identify users, improve services, and distribute editorial content and conduct sales prospecting operations.\t\t\t\t\t\t\t\t<\/div>\n\t\t\t\t<\/div>\n\t\t\t\t<\/div>\n\t\t<div class=\"elementor-element elementor-element-f3e23c5 e-con-full e-flex e-con e-child\" data-id=\"f3e23c5\" data-element_type=\"container\" data-e-type=\"container\">\n\t\t\t\t<div class=\"elementor-element elementor-element-70b89c2 elementor-widget elementor-widget-heading\" data-id=\"70b89c2\" data-element_type=\"widget\" data-e-type=\"widget\" data-widget_type=\"heading.default\">\n\t\t\t\t<div class=\"elementor-widget-container\">\n\t\t\t\t\t<h3 class=\"elementor-heading-title elementor-size-default\">Data Circulation<\/h3>\t\t\t\t<\/div>\n\t\t\t\t<\/div>\n\t\t\t\t<div class=\"elementor-element elementor-element-a464604 elementor-widget elementor-widget-text-editor\" data-id=\"a464604\" data-element_type=\"widget\" data-e-type=\"widget\" data-widget_type=\"text-editor.default\">\n\t\t\t\t<div class=\"elementor-widget-container\">\n\t\t\t\t\t\t\t\t\tVPWhite only uses the data collected from its users for its own purposes. The data is stored on a third-party platform, Brevo, to send newsletters or marketing campaigns, or to publish specific content.\t\t\t\t\t\t\t\t<\/div>\n\t\t\t\t<\/div>\n\t\t\t\t<\/div>\n\t\t<div class=\"elementor-element elementor-element-3f331f3 e-con-full e-flex e-con e-child\" data-id=\"3f331f3\" data-element_type=\"container\" data-e-type=\"container\">\n\t\t\t\t<div class=\"elementor-element elementor-element-817586b elementor-widget elementor-widget-heading\" data-id=\"817586b\" data-element_type=\"widget\" data-e-type=\"widget\" data-widget_type=\"heading.default\">\n\t\t\t\t<div class=\"elementor-widget-container\">\n\t\t\t\t\t<h3 class=\"elementor-heading-title elementor-size-default\">Retention Period<\/h3>\t\t\t\t<\/div>\n\t\t\t\t<\/div>\n\t\t\t\t<div class=\"elementor-element elementor-element-a45a923 elementor-widget elementor-widget-text-editor\" data-id=\"a45a923\" data-element_type=\"widget\" data-e-type=\"widget\" data-widget_type=\"text-editor.default\">\n\t\t\t\t<div class=\"elementor-widget-container\">\n\t\t\t\t\t\t\t\t\tWhen our visitors explicitly provide us with their contact information to subscribe to the newsletter or request to be contacted, we collect the personal data mentioned above. The personal data collected by VPWhite when accessing its resources is retained for a maximum period of 36 months from the date of collection, in order to continue to inform users of the evolution of our services and the availability of new content.\t\t\t\t\t\t\t\t<\/div>\n\t\t\t\t<\/div>\n\t\t\t\t<\/div>\n\t\t<div class=\"elementor-element elementor-element-2b22bee e-con-full e-flex e-con e-child\" data-id=\"2b22bee\" data-element_type=\"container\" data-e-type=\"container\">\n\t\t\t\t<div class=\"elementor-element elementor-element-df5f721 elementor-widget elementor-widget-heading\" data-id=\"df5f721\" data-element_type=\"widget\" data-e-type=\"widget\" data-widget_type=\"heading.default\">\n\t\t\t\t<div class=\"elementor-widget-container\">\n\t\t\t\t\t<h3 class=\"elementor-heading-title elementor-size-default\">Right to Access, Modify, or Delete Data<\/h3>\t\t\t\t<\/div>\n\t\t\t\t<\/div>\n\t\t\t\t<div class=\"elementor-element elementor-element-9ce2c0d elementor-widget elementor-widget-text-editor\" data-id=\"9ce2c0d\" data-element_type=\"widget\" data-e-type=\"widget\" data-widget_type=\"text-editor.default\">\n\t\t\t\t<div class=\"elementor-widget-container\">\n\t\t\t\t\t\t\t\t\tIn accordance with the French Data Protection Act of January 6, 1978, and Regulation (EU) 2016\/679 of April 27, 2016, users have the right to access, rectify, erase, limit, object, and request the portability of their personal data. These rights may be exercised by sending a written request to the following address: <a href=\"mailto:privacy@vpwhite.com\" style=\"color:#5379FF;\">privacy@vpwhite.com<\/a>. Users also have the right to file complaints with the CNIL regarding the exercise of the aforementioned rights.\t\t\t\t\t\t\t\t<\/div>\n\t\t\t\t<\/div>\n\t\t\t\t<\/div>\n\t\t\t\t\t<\/div>\n\t\t\t\t<\/div>\n\t\t\t\t<\/div>","protected":false},"excerpt":{"rendered":"<p>Politique de confidentialit\u00e9 Collecte de donn\u00e9es Pour acc\u00e9der aux ressources et services de VPWhite, les utilisateurs renseignent des donn\u00e9es \u00e0 caract\u00e8re personnel telles que, notamment, leur nom, pr\u00e9nom, adresse \u00e9lectronique. Les informations personnelles concernant les utilisateurs du site sont confidentielles. VPWhite est responsable du traitement des donn\u00e9es collect\u00e9es, Conform\u00e9ment au R\u00e8glement G\u00e9n\u00e9ral de Protection des [&hellip;]<\/p>\n","protected":false},"author":1,"featured_media":0,"parent":0,"menu_order":0,"comment_status":"closed","ping_status":"closed","template":"","meta":{"footnotes":""},"class_list":["post-686","page","type-page","status-publish","hentry"],"yoast_head":"<!-- This site is optimized with the Yoast SEO plugin v27.4 - https:\/\/yoast.com\/product\/yoast-seo-wordpress\/ -->\n<title>Politique de confidentialit\u00e9 - Vesta<\/title>\n<meta name=\"robots\" content=\"index, follow, max-snippet:-1, max-image-preview:large, max-video-preview:-1\" \/>\n<link rel=\"canonical\" href=\"https:\/\/vesta-rem.com\/en\/politique-de-confidentialite\/\" \/>\n<meta property=\"og:locale\" content=\"en_GB\" \/>\n<meta property=\"og:type\" content=\"article\" \/>\n<meta property=\"og:title\" content=\"Politique de confidentialit\u00e9 - Vesta\" \/>\n<meta property=\"og:description\" content=\"Politique de confidentialit\u00e9 Collecte de donn\u00e9es Pour acc\u00e9der aux ressources et services de VPWhite, les utilisateurs renseignent des donn\u00e9es \u00e0 caract\u00e8re personnel telles que, notamment, leur nom, pr\u00e9nom, adresse \u00e9lectronique. Les informations personnelles concernant les utilisateurs du site sont confidentielles. VPWhite est responsable du traitement des donn\u00e9es collect\u00e9es, Conform\u00e9ment au R\u00e8glement G\u00e9n\u00e9ral de Protection des [&hellip;]\" \/>\n<meta property=\"og:url\" content=\"https:\/\/vesta-rem.com\/en\/politique-de-confidentialite\/\" \/>\n<meta property=\"og:site_name\" content=\"Vesta\" \/>\n<meta name=\"twitter:card\" content=\"summary_large_image\" \/>\n<meta name=\"twitter:label1\" content=\"Estimated reading time\" \/>\n\t<meta name=\"twitter:data1\" content=\"2 minutes\" \/>\n<script type=\"application\/ld+json\" class=\"yoast-schema-graph\">{\"@context\":\"https:\\\/\\\/schema.org\",\"@graph\":[{\"@type\":\"WebPage\",\"@id\":\"https:\\\/\\\/vesta-rem.com\\\/en\\\/politique-de-confidentialite\\\/\",\"url\":\"https:\\\/\\\/vesta-rem.com\\\/en\\\/politique-de-confidentialite\\\/\",\"name\":\"Politique de confidentialit\u00e9 - Vesta\",\"isPartOf\":{\"@id\":\"https:\\\/\\\/vesta-rem.com\\\/fr\\\/#website\"},\"datePublished\":\"2025-04-03T08:19:07+00:00\",\"breadcrumb\":{\"@id\":\"https:\\\/\\\/vesta-rem.com\\\/en\\\/politique-de-confidentialite\\\/#breadcrumb\"},\"inLanguage\":\"en-GB\",\"potentialAction\":[{\"@type\":\"ReadAction\",\"target\":[\"https:\\\/\\\/vesta-rem.com\\\/en\\\/politique-de-confidentialite\\\/\"]}]},{\"@type\":\"BreadcrumbList\",\"@id\":\"https:\\\/\\\/vesta-rem.com\\\/en\\\/politique-de-confidentialite\\\/#breadcrumb\",\"itemListElement\":[{\"@type\":\"ListItem\",\"position\":1,\"name\":\"Accueil\",\"item\":\"https:\\\/\\\/vesta-rem.com\\\/fr\\\/\"},{\"@type\":\"ListItem\",\"position\":2,\"name\":\"Politique de confidentialit\u00e9\"}]},{\"@type\":\"WebSite\",\"@id\":\"https:\\\/\\\/vesta-rem.com\\\/fr\\\/#website\",\"url\":\"https:\\\/\\\/vesta-rem.com\\\/fr\\\/\",\"name\":\"Vesta\",\"description\":\"Smart and sustainable building\",\"publisher\":{\"@id\":\"https:\\\/\\\/vesta-rem.com\\\/fr\\\/#organization\"},\"potentialAction\":[{\"@type\":\"SearchAction\",\"target\":{\"@type\":\"EntryPoint\",\"urlTemplate\":\"https:\\\/\\\/vesta-rem.com\\\/fr\\\/?s={search_term_string}\"},\"query-input\":{\"@type\":\"PropertyValueSpecification\",\"valueRequired\":true,\"valueName\":\"search_term_string\"}}],\"inLanguage\":\"en-GB\"},{\"@type\":\"Organization\",\"@id\":\"https:\\\/\\\/vesta-rem.com\\\/fr\\\/#organization\",\"name\":\"Vesta\",\"url\":\"https:\\\/\\\/vesta-rem.com\\\/fr\\\/\",\"logo\":{\"@type\":\"ImageObject\",\"inLanguage\":\"en-GB\",\"@id\":\"https:\\\/\\\/vesta-rem.com\\\/fr\\\/#\\\/schema\\\/logo\\\/image\\\/\",\"url\":\"https:\\\/\\\/vesta-rem.com\\\/wp-content\\\/uploads\\\/2025\\\/03\\\/LOGO-VESTA-BY-VPWHITE.webp\",\"contentUrl\":\"https:\\\/\\\/vesta-rem.com\\\/wp-content\\\/uploads\\\/2025\\\/03\\\/LOGO-VESTA-BY-VPWHITE.webp\",\"width\":347,\"height\":101,\"caption\":\"Vesta\"},\"image\":{\"@id\":\"https:\\\/\\\/vesta-rem.com\\\/fr\\\/#\\\/schema\\\/logo\\\/image\\\/\"}}]}<\/script>\n<!-- \/ Yoast SEO plugin. -->","yoast_head_json":{"title":"Politique de confidentialit\u00e9 - Vesta","robots":{"index":"index","follow":"follow","max-snippet":"max-snippet:-1","max-image-preview":"max-image-preview:large","max-video-preview":"max-video-preview:-1"},"canonical":"https:\/\/vesta-rem.com\/en\/politique-de-confidentialite\/","og_locale":"en_GB","og_type":"article","og_title":"Politique de confidentialit\u00e9 - Vesta","og_description":"Politique de confidentialit\u00e9 Collecte de donn\u00e9es Pour acc\u00e9der aux ressources et services de VPWhite, les utilisateurs renseignent des donn\u00e9es \u00e0 caract\u00e8re personnel telles que, notamment, leur nom, pr\u00e9nom, adresse \u00e9lectronique. Les informations personnelles concernant les utilisateurs du site sont confidentielles. VPWhite est responsable du traitement des donn\u00e9es collect\u00e9es, Conform\u00e9ment au R\u00e8glement G\u00e9n\u00e9ral de Protection des [&hellip;]","og_url":"https:\/\/vesta-rem.com\/en\/politique-de-confidentialite\/","og_site_name":"Vesta","twitter_card":"summary_large_image","twitter_misc":{"Estimated reading time":"2 minutes"},"schema":{"@context":"https:\/\/schema.org","@graph":[{"@type":"WebPage","@id":"https:\/\/vesta-rem.com\/en\/politique-de-confidentialite\/","url":"https:\/\/vesta-rem.com\/en\/politique-de-confidentialite\/","name":"Politique de confidentialit\u00e9 - Vesta","isPartOf":{"@id":"https:\/\/vesta-rem.com\/fr\/#website"},"datePublished":"2025-04-03T08:19:07+00:00","breadcrumb":{"@id":"https:\/\/vesta-rem.com\/en\/politique-de-confidentialite\/#breadcrumb"},"inLanguage":"en-GB","potentialAction":[{"@type":"ReadAction","target":["https:\/\/vesta-rem.com\/en\/politique-de-confidentialite\/"]}]},{"@type":"BreadcrumbList","@id":"https:\/\/vesta-rem.com\/en\/politique-de-confidentialite\/#breadcrumb","itemListElement":[{"@type":"ListItem","position":1,"name":"Accueil","item":"https:\/\/vesta-rem.com\/fr\/"},{"@type":"ListItem","position":2,"name":"Politique de confidentialit\u00e9"}]},{"@type":"WebSite","@id":"https:\/\/vesta-rem.com\/fr\/#website","url":"https:\/\/vesta-rem.com\/fr\/","name":"Vesta","description":"Smart and sustainable building","publisher":{"@id":"https:\/\/vesta-rem.com\/fr\/#organization"},"potentialAction":[{"@type":"SearchAction","target":{"@type":"EntryPoint","urlTemplate":"https:\/\/vesta-rem.com\/fr\/?s={search_term_string}"},"query-input":{"@type":"PropertyValueSpecification","valueRequired":true,"valueName":"search_term_string"}}],"inLanguage":"en-GB"},{"@type":"Organization","@id":"https:\/\/vesta-rem.com\/fr\/#organization","name":"Vesta","url":"https:\/\/vesta-rem.com\/fr\/","logo":{"@type":"ImageObject","inLanguage":"en-GB","@id":"https:\/\/vesta-rem.com\/fr\/#\/schema\/logo\/image\/","url":"https:\/\/vesta-rem.com\/wp-content\/uploads\/2025\/03\/LOGO-VESTA-BY-VPWHITE.webp","contentUrl":"https:\/\/vesta-rem.com\/wp-content\/uploads\/2025\/03\/LOGO-VESTA-BY-VPWHITE.webp","width":347,"height":101,"caption":"Vesta"},"image":{"@id":"https:\/\/vesta-rem.com\/fr\/#\/schema\/logo\/image\/"}}]}},"_links":{"self":[{"href":"https:\/\/vesta-rem.com\/en\/wp-json\/wp\/v2\/pages\/686","targetHints":{"allow":["GET"]}}],"collection":[{"href":"https:\/\/vesta-rem.com\/en\/wp-json\/wp\/v2\/pages"}],"about":[{"href":"https:\/\/vesta-rem.com\/en\/wp-json\/wp\/v2\/types\/page"}],"author":[{"embeddable":true,"href":"https:\/\/vesta-rem.com\/en\/wp-json\/wp\/v2\/users\/1"}],"replies":[{"embeddable":true,"href":"https:\/\/vesta-rem.com\/en\/wp-json\/wp\/v2\/comments?post=686"}],"version-history":[{"count":10,"href":"https:\/\/vesta-rem.com\/en\/wp-json\/wp\/v2\/pages\/686\/revisions"}],"predecessor-version":[{"id":697,"href":"https:\/\/vesta-rem.com\/en\/wp-json\/wp\/v2\/pages\/686\/revisions\/697"}],"wp:attachment":[{"href":"https:\/\/vesta-rem.com\/en\/wp-json\/wp\/v2\/media?parent=686"}],"curies":[{"name":"wp","href":"https:\/\/api.w.org\/{rel}","templated":true}]}}