{"id":698,"date":"2025-04-03T08:19:23","date_gmt":"2025-04-03T08:19:23","guid":{"rendered":"https:\/\/vesta-rem.com\/?page_id=698"},"modified":"2025-04-03T08:19:23","modified_gmt":"2025-04-03T08:19:23","slug":"mentions-legales","status":"publish","type":"page","link":"https:\/\/vesta-rem.com\/fr\/mentions-legales\/","title":{"rendered":"Mentions l\u00e9gales"},"content":{"rendered":"\t\t<div data-elementor-type=\"wp-page\" data-elementor-id=\"698\" class=\"elementor elementor-698\" data-elementor-post-type=\"page\">\n\t\t\t\t<div class=\"elementor-element elementor-element-0801a5a e-flex e-con-boxed e-con e-parent\" data-id=\"0801a5a\" data-element_type=\"container\" data-e-type=\"container\">\n\t\t\t\t\t<div class=\"e-con-inner\">\n\t\t\t\t<div class=\"elementor-element elementor-element-1951d77 elementor-widget elementor-widget-heading\" data-id=\"1951d77\" data-element_type=\"widget\" data-e-type=\"widget\" data-widget_type=\"heading.default\">\n\t\t\t\t<div class=\"elementor-widget-container\">\n\t\t\t\t\t<h2 class=\"elementor-heading-title elementor-size-default\">Mentions l\u00e9gales<\/h2>\t\t\t\t<\/div>\n\t\t\t\t<\/div>\n\t\t\t\t<div class=\"elementor-element elementor-element-fa8cc03 elementor-widget elementor-widget-text-editor\" data-id=\"fa8cc03\" data-element_type=\"widget\" data-e-type=\"widget\" data-widget_type=\"text-editor.default\">\n\t\t\t\t<div class=\"elementor-widget-container\">\n\t\t\t\t\t\t\t\t\tR\u00e9glement\u00e9es par la loi n\u00b0 2004-575 du 21 juin 2004 pour la confiance dans l\u2019\u00e9conomie num\u00e9rique.\t\t\t\t\t\t\t\t<\/div>\n\t\t\t\t<\/div>\n\t\t<div class=\"elementor-element elementor-element-48c6ccb e-con-full e-flex e-con e-child\" data-id=\"48c6ccb\" data-element_type=\"container\" data-e-type=\"container\">\n\t\t\t\t<div class=\"elementor-element elementor-element-db55cb1 elementor-widget elementor-widget-heading\" data-id=\"db55cb1\" data-element_type=\"widget\" data-e-type=\"widget\" data-widget_type=\"heading.default\">\n\t\t\t\t<div class=\"elementor-widget-container\">\n\t\t\t\t\t<h3 class=\"elementor-heading-title elementor-size-default\">Editeur<\/h3>\t\t\t\t<\/div>\n\t\t\t\t<\/div>\n\t\t\t\t<div class=\"elementor-element elementor-element-52a76f8 elementor-widget elementor-widget-text-editor\" data-id=\"52a76f8\" data-element_type=\"widget\" data-e-type=\"widget\" data-widget_type=\"text-editor.default\">\n\t\t\t\t<div class=\"elementor-widget-container\">\n\t\t\t\t\t\t\t\t\tVP&#038;WHITE SAS<br>\nSoci\u00e9t\u00e9 par Actions Simplifi\u00e9e au capital de 509 143,00 \u20ac<br>\nSi\u00e8ge social : 62 bis avenue Andr\u00e9 Morizet, 92100 Boulogne-Billancourt<br>\nRCS PARIS : n\u00b0488 402 181<br>\nT\u00e9l. : +33 (0)1 87 49 94 96<br>\ne-mail : contact@vpwhite.com\n\t\t\t\t\t\t\t\t<\/div>\n\t\t\t\t<\/div>\n\t\t\t\t<\/div>\n\t\t<div class=\"elementor-element elementor-element-e2538ad e-con-full e-flex e-con e-child\" data-id=\"e2538ad\" data-element_type=\"container\" data-e-type=\"container\">\n\t\t\t\t<div class=\"elementor-element elementor-element-d10d02c elementor-widget elementor-widget-heading\" data-id=\"d10d02c\" data-element_type=\"widget\" data-e-type=\"widget\" data-widget_type=\"heading.default\">\n\t\t\t\t<div class=\"elementor-widget-container\">\n\t\t\t\t\t<h3 class=\"elementor-heading-title elementor-size-default\">Directeur de la publication<\/h3>\t\t\t\t<\/div>\n\t\t\t\t<\/div>\n\t\t\t\t<div class=\"elementor-element elementor-element-934b874 elementor-widget elementor-widget-text-editor\" data-id=\"934b874\" data-element_type=\"widget\" data-e-type=\"widget\" data-widget_type=\"text-editor.default\">\n\t\t\t\t<div class=\"elementor-widget-container\">\n\t\t\t\t\t\t\t\t\tMonsieur Nicolas PERRIN\t\t\t\t\t\t\t\t<\/div>\n\t\t\t\t<\/div>\n\t\t\t\t<\/div>\n\t\t<div class=\"elementor-element elementor-element-72971c6 e-con-full e-flex e-con e-child\" data-id=\"72971c6\" data-element_type=\"container\" data-e-type=\"container\">\n\t\t\t\t<div class=\"elementor-element elementor-element-b07152a elementor-widget elementor-widget-heading\" data-id=\"b07152a\" data-element_type=\"widget\" data-e-type=\"widget\" data-widget_type=\"heading.default\">\n\t\t\t\t<div class=\"elementor-widget-container\">\n\t\t\t\t\t<h3 class=\"elementor-heading-title elementor-size-default\">H\u00e9bergeur<\/h3>\t\t\t\t<\/div>\n\t\t\t\t<\/div>\n\t\t\t\t<div class=\"elementor-element elementor-element-52a5232 elementor-widget elementor-widget-text-editor\" data-id=\"52a5232\" data-element_type=\"widget\" data-e-type=\"widget\" data-widget_type=\"text-editor.default\">\n\t\t\t\t<div class=\"elementor-widget-container\">\n\t\t\t\t\t\t\t\t\tIONOS SARL<br>\n7, place de la Gare\n57200 Sarreguemines, France<br>\nT\u00e9l : 0970 808 911\n\t\t\t\t\t\t\t\t<\/div>\n\t\t\t\t<\/div>\n\t\t\t\t<\/div>\n\t\t\t\t\t<\/div>\n\t\t\t\t<\/div>\n\t\t\t\t<\/div>\n\t\t","protected":false},"excerpt":{"rendered":"<p>Mentions l\u00e9gales R\u00e9glement\u00e9es par la loi n\u00b0 2004-575 du 21 juin 2004 pour la confiance dans l\u2019\u00e9conomie num\u00e9rique. Editeur VP&#038;WHITE SAS Soci\u00e9t\u00e9 par Actions Simplifi\u00e9e au capital de 509 143,00 \u20ac Si\u00e8ge social : 62 bis avenue Andr\u00e9 Morizet, 92100 Boulogne-Billancourt RCS PARIS : n\u00b0488 402 181 T\u00e9l. : +33 (0)1 87 49 94 96 [&hellip;]<\/p>\n","protected":false},"author":1,"featured_media":0,"parent":0,"menu_order":0,"comment_status":"closed","ping_status":"closed","template":"","meta":{"footnotes":""},"class_list":["post-698","page","type-page","status-publish","hentry"],"yoast_head":"<!-- This site is optimized with the Yoast SEO plugin v27.4 - https:\/\/yoast.com\/product\/yoast-seo-wordpress\/ -->\n<title>Mentions l\u00e9gales - Vesta<\/title>\n<meta name=\"robots\" content=\"index, follow, max-snippet:-1, max-image-preview:large, max-video-preview:-1\" \/>\n<link rel=\"canonical\" href=\"https:\/\/vesta-rem.com\/fr\/mentions-legales\/\" \/>\n<meta property=\"og:locale\" content=\"fr_FR\" \/>\n<meta property=\"og:type\" content=\"article\" \/>\n<meta property=\"og:title\" content=\"Mentions l\u00e9gales - Vesta\" \/>\n<meta property=\"og:description\" content=\"Mentions l\u00e9gales R\u00e9glement\u00e9es par la loi n\u00b0 2004-575 du 21 juin 2004 pour la confiance dans l\u2019\u00e9conomie num\u00e9rique. Editeur VP&#038;WHITE SAS Soci\u00e9t\u00e9 par Actions Simplifi\u00e9e au capital de 509 143,00 \u20ac Si\u00e8ge social : 62 bis avenue Andr\u00e9 Morizet, 92100 Boulogne-Billancourt RCS PARIS : n\u00b0488 402 181 T\u00e9l. : +33 (0)1 87 49 94 96 [&hellip;]\" \/>\n<meta property=\"og:url\" content=\"https:\/\/vesta-rem.com\/fr\/mentions-legales\/\" \/>\n<meta property=\"og:site_name\" content=\"Vesta\" \/>\n<meta name=\"twitter:card\" content=\"summary_large_image\" \/>\n<script type=\"application\/ld+json\" class=\"yoast-schema-graph\">{\"@context\":\"https:\\\/\\\/schema.org\",\"@graph\":[{\"@type\":\"WebPage\",\"@id\":\"https:\\\/\\\/vesta-rem.com\\\/fr\\\/mentions-legales\\\/\",\"url\":\"https:\\\/\\\/vesta-rem.com\\\/fr\\\/mentions-legales\\\/\",\"name\":\"Mentions l\u00e9gales - Vesta\",\"isPartOf\":{\"@id\":\"https:\\\/\\\/vesta-rem.com\\\/fr\\\/#website\"},\"datePublished\":\"2025-04-03T08:19:23+00:00\",\"breadcrumb\":{\"@id\":\"https:\\\/\\\/vesta-rem.com\\\/fr\\\/mentions-legales\\\/#breadcrumb\"},\"inLanguage\":\"fr-FR\",\"potentialAction\":[{\"@type\":\"ReadAction\",\"target\":[\"https:\\\/\\\/vesta-rem.com\\\/fr\\\/mentions-legales\\\/\"]}]},{\"@type\":\"BreadcrumbList\",\"@id\":\"https:\\\/\\\/vesta-rem.com\\\/fr\\\/mentions-legales\\\/#breadcrumb\",\"itemListElement\":[{\"@type\":\"ListItem\",\"position\":1,\"name\":\"Accueil\",\"item\":\"https:\\\/\\\/vesta-rem.com\\\/fr\\\/\"},{\"@type\":\"ListItem\",\"position\":2,\"name\":\"Mentions l\u00e9gales\"}]},{\"@type\":\"WebSite\",\"@id\":\"https:\\\/\\\/vesta-rem.com\\\/fr\\\/#website\",\"url\":\"https:\\\/\\\/vesta-rem.com\\\/fr\\\/\",\"name\":\"Vesta\",\"description\":\"Smart and sustainable building\",\"publisher\":{\"@id\":\"https:\\\/\\\/vesta-rem.com\\\/fr\\\/#organization\"},\"potentialAction\":[{\"@type\":\"SearchAction\",\"target\":{\"@type\":\"EntryPoint\",\"urlTemplate\":\"https:\\\/\\\/vesta-rem.com\\\/fr\\\/?s={search_term_string}\"},\"query-input\":{\"@type\":\"PropertyValueSpecification\",\"valueRequired\":true,\"valueName\":\"search_term_string\"}}],\"inLanguage\":\"fr-FR\"},{\"@type\":\"Organization\",\"@id\":\"https:\\\/\\\/vesta-rem.com\\\/fr\\\/#organization\",\"name\":\"Vesta\",\"url\":\"https:\\\/\\\/vesta-rem.com\\\/fr\\\/\",\"logo\":{\"@type\":\"ImageObject\",\"inLanguage\":\"fr-FR\",\"@id\":\"https:\\\/\\\/vesta-rem.com\\\/fr\\\/#\\\/schema\\\/logo\\\/image\\\/\",\"url\":\"https:\\\/\\\/vesta-rem.com\\\/wp-content\\\/uploads\\\/2025\\\/03\\\/LOGO-VESTA-BY-VPWHITE.webp\",\"contentUrl\":\"https:\\\/\\\/vesta-rem.com\\\/wp-content\\\/uploads\\\/2025\\\/03\\\/LOGO-VESTA-BY-VPWHITE.webp\",\"width\":347,\"height\":101,\"caption\":\"Vesta\"},\"image\":{\"@id\":\"https:\\\/\\\/vesta-rem.com\\\/fr\\\/#\\\/schema\\\/logo\\\/image\\\/\"}}]}<\/script>\n<!-- \/ Yoast SEO plugin. -->","yoast_head_json":{"title":"Mentions l\u00e9gales - Vesta","robots":{"index":"index","follow":"follow","max-snippet":"max-snippet:-1","max-image-preview":"max-image-preview:large","max-video-preview":"max-video-preview:-1"},"canonical":"https:\/\/vesta-rem.com\/fr\/mentions-legales\/","og_locale":"fr_FR","og_type":"article","og_title":"Mentions l\u00e9gales - Vesta","og_description":"Mentions l\u00e9gales R\u00e9glement\u00e9es par la loi n\u00b0 2004-575 du 21 juin 2004 pour la confiance dans l\u2019\u00e9conomie num\u00e9rique. Editeur VP&#038;WHITE SAS Soci\u00e9t\u00e9 par Actions Simplifi\u00e9e au capital de 509 143,00 \u20ac Si\u00e8ge social : 62 bis avenue Andr\u00e9 Morizet, 92100 Boulogne-Billancourt RCS PARIS : n\u00b0488 402 181 T\u00e9l. : +33 (0)1 87 49 94 96 [&hellip;]","og_url":"https:\/\/vesta-rem.com\/fr\/mentions-legales\/","og_site_name":"Vesta","twitter_card":"summary_large_image","schema":{"@context":"https:\/\/schema.org","@graph":[{"@type":"WebPage","@id":"https:\/\/vesta-rem.com\/fr\/mentions-legales\/","url":"https:\/\/vesta-rem.com\/fr\/mentions-legales\/","name":"Mentions l\u00e9gales - Vesta","isPartOf":{"@id":"https:\/\/vesta-rem.com\/fr\/#website"},"datePublished":"2025-04-03T08:19:23+00:00","breadcrumb":{"@id":"https:\/\/vesta-rem.com\/fr\/mentions-legales\/#breadcrumb"},"inLanguage":"fr-FR","potentialAction":[{"@type":"ReadAction","target":["https:\/\/vesta-rem.com\/fr\/mentions-legales\/"]}]},{"@type":"BreadcrumbList","@id":"https:\/\/vesta-rem.com\/fr\/mentions-legales\/#breadcrumb","itemListElement":[{"@type":"ListItem","position":1,"name":"Accueil","item":"https:\/\/vesta-rem.com\/fr\/"},{"@type":"ListItem","position":2,"name":"Mentions l\u00e9gales"}]},{"@type":"WebSite","@id":"https:\/\/vesta-rem.com\/fr\/#website","url":"https:\/\/vesta-rem.com\/fr\/","name":"Vesta","description":"Smart and sustainable building","publisher":{"@id":"https:\/\/vesta-rem.com\/fr\/#organization"},"potentialAction":[{"@type":"SearchAction","target":{"@type":"EntryPoint","urlTemplate":"https:\/\/vesta-rem.com\/fr\/?s={search_term_string}"},"query-input":{"@type":"PropertyValueSpecification","valueRequired":true,"valueName":"search_term_string"}}],"inLanguage":"fr-FR"},{"@type":"Organization","@id":"https:\/\/vesta-rem.com\/fr\/#organization","name":"Vesta","url":"https:\/\/vesta-rem.com\/fr\/","logo":{"@type":"ImageObject","inLanguage":"fr-FR","@id":"https:\/\/vesta-rem.com\/fr\/#\/schema\/logo\/image\/","url":"https:\/\/vesta-rem.com\/wp-content\/uploads\/2025\/03\/LOGO-VESTA-BY-VPWHITE.webp","contentUrl":"https:\/\/vesta-rem.com\/wp-content\/uploads\/2025\/03\/LOGO-VESTA-BY-VPWHITE.webp","width":347,"height":101,"caption":"Vesta"},"image":{"@id":"https:\/\/vesta-rem.com\/fr\/#\/schema\/logo\/image\/"}}]}},"_links":{"self":[{"href":"https:\/\/vesta-rem.com\/fr\/wp-json\/wp\/v2\/pages\/698","targetHints":{"allow":["GET"]}}],"collection":[{"href":"https:\/\/vesta-rem.com\/fr\/wp-json\/wp\/v2\/pages"}],"about":[{"href":"https:\/\/vesta-rem.com\/fr\/wp-json\/wp\/v2\/types\/page"}],"author":[{"embeddable":true,"href":"https:\/\/vesta-rem.com\/fr\/wp-json\/wp\/v2\/users\/1"}],"replies":[{"embeddable":true,"href":"https:\/\/vesta-rem.com\/fr\/wp-json\/wp\/v2\/comments?post=698"}],"version-history":[{"count":4,"href":"https:\/\/vesta-rem.com\/fr\/wp-json\/wp\/v2\/pages\/698\/revisions"}],"predecessor-version":[{"id":702,"href":"https:\/\/vesta-rem.com\/fr\/wp-json\/wp\/v2\/pages\/698\/revisions\/702"}],"wp:attachment":[{"href":"https:\/\/vesta-rem.com\/fr\/wp-json\/wp\/v2\/media?parent=698"}],"curies":[{"name":"wp","href":"https:\/\/api.w.org\/{rel}","templated":true}]}}